{"id":7272,"date":"2020-06-01T11:04:22","date_gmt":"2020-06-01T14:04:22","guid":{"rendered":"https:\/\/rdsaude.com.br\/contato\/"},"modified":"2024-12-16T17:43:50","modified_gmt":"2024-12-16T20:43:50","slug":"contact","status":"publish","type":"page","link":"https:\/\/rdsaude.com.br\/en\/press\/contact\/","title":{"rendered":"Contact"},"content":{"rendered":"\t\t<div data-elementor-type=\"wp-page\" data-elementor-id=\"7272\" class=\"elementor elementor-7272 elementor-20\" data-elementor-settings=\"{&quot;ha_cmc_init_switcher&quot;:&quot;no&quot;}\" data-elementor-post-type=\"page\">\n\t\t\t\t<div class=\"elementor-element elementor-element-51c2d02 elementor-hidden-desktop elementor-hidden-tablet e-flex e-con-boxed e-con e-parent\" data-id=\"51c2d02\" data-element_type=\"container\">\n\t\t\t\t\t<div class=\"e-con-inner\">\n\t\t<div class=\"elementor-element elementor-element-05fe0ab e-con-full e-flex e-con e-child\" data-id=\"05fe0ab\" data-element_type=\"container\">\n\t\t<div class=\"elementor-element elementor-element-8ca119b e-con-full elementor-hidden-desktop e-flex e-con e-child\" data-id=\"8ca119b\" data-element_type=\"container\">\n\t\t<div class=\"elementor-element elementor-element-44cbcf9 e-con-full elementor-hidden-desktop e-flex e-con e-child\" data-id=\"44cbcf9\" data-element_type=\"container\" data-settings=\"{&quot;background_background&quot;:&quot;classic&quot;}\">\n\t\t\t\t<div class=\"elementor-element elementor-element-6a25b94 elementor-widget elementor-widget-image\" data-id=\"6a25b94\" data-element_type=\"widget\" data-widget_type=\"image.default\">\n\t\t\t\t<div class=\"elementor-widget-container\">\n\t\t\t\t\t\t\t\t\t\t\t\t\t\t\t<img decoding=\"async\" src=\"https:\/\/rdsaude.com.br\/wp-content\/uploads\/2024\/03\/64a9cb0f-contato.png\" title=\"\" alt=\"\" loading=\"lazy\" \/>\t\t\t\t\t\t\t\t\t\t\t\t\t\t\t<\/div>\n\t\t\t\t<\/div>\n\t\t\t\t<\/div>\n\t\t<div class=\"elementor-element elementor-element-8b9b694 e-con-full e-flex e-con e-child\" data-id=\"8b9b694\" data-element_type=\"container\" data-settings=\"{&quot;background_background&quot;:&quot;classic&quot;}\">\n\t\t\t\t<div class=\"elementor-element elementor-element-ada4329 elementor-widget elementor-widget-heading\" data-id=\"ada4329\" data-element_type=\"widget\" data-widget_type=\"heading.default\">\n\t\t\t\t<div class=\"elementor-widget-container\">\n\t\t\t\t\t<h2 class=\"elementor-heading-title elementor-size-default\">Press<\/h2>\t\t\t\t<\/div>\n\t\t\t\t<\/div>\n\t\t\t\t<div class=\"elementor-element elementor-element-f775eda elementor-widget elementor-widget-heading\" data-id=\"f775eda\" data-element_type=\"widget\" data-widget_type=\"heading.default\">\n\t\t\t\t<div class=\"elementor-widget-container\">\n\t\t\t\t\t<h2 class=\"elementor-heading-title elementor-size-default\">Contact<\/h2>\t\t\t\t<\/div>\n\t\t\t\t<\/div>\n\t\t\t\t<\/div>\n\t\t<div class=\"elementor-element elementor-element-d006a31 e-con-full e-flex e-con e-child\" data-id=\"d006a31\" data-element_type=\"container\" data-settings=\"{&quot;background_background&quot;:&quot;classic&quot;}\">\n\t\t\t\t<\/div>\n\t\t\t\t<\/div>\n\t\t\t\t<\/div>\n\t\t\t\t\t<\/div>\n\t\t\t\t<\/div>\n\t\t<div class=\"elementor-element elementor-element-bc8937d elementor-hidden-desktop elementor-hidden-tablet e-flex e-con-boxed e-con e-parent\" data-id=\"bc8937d\" data-element_type=\"container\">\n\t\t\t\t\t<div class=\"e-con-inner\">\n\t\t\t\t<div class=\"elementor-element elementor-element-5845758 elementor-align-justify elementor-widget__width-inherit elementor-widget-tablet__width-initial elementor-widget elementor-widget-button\" data-id=\"5845758\" data-element_type=\"widget\" data-widget_type=\"button.default\">\n\t\t\t\t<div class=\"elementor-widget-container\">\n\t\t\t\t\t\t\t\t\t<div class=\"elementor-button-wrapper\">\n\t\t\t\t\t<a class=\"elementor-button elementor-button-link elementor-size-sm\" href=\"https:\/\/rdsaude.com.br\/en\/press\/release\/\" sustentabilidade=\"\">\n\t\t\t\t\t\t<span class=\"elementor-button-content-wrapper\">\n\t\t\t\t\t\t\t\t\t<span class=\"elementor-button-text\">Releases<\/span>\n\t\t\t\t\t<\/span>\n\t\t\t\t\t<\/a>\n\t\t\t\t<\/div>\n\t\t\t\t\t\t\t\t<\/div>\n\t\t\t\t<\/div>\n\t\t\t\t<div class=\"elementor-element elementor-element-0997581 elementor-align-justify elementor-widget__width-inherit elementor-widget-tablet__width-initial elementor-widget elementor-widget-button\" data-id=\"0997581\" data-element_type=\"widget\" data-widget_type=\"button.default\">\n\t\t\t\t<div class=\"elementor-widget-container\">\n\t\t\t\t\t\t\t\t\t<div class=\"elementor-button-wrapper\">\n\t\t\t\t\t<a class=\"elementor-button elementor-button-link elementor-size-sm\" href=\"https:\/\/rdsaude.com.br\/sobre-a-rd\/noticias-links-e-artigos\/\" sustentabilidade=\"\">\n\t\t\t\t\t\t<span class=\"elementor-button-content-wrapper\">\n\t\t\t\t\t\t\t\t\t<span class=\"elementor-button-text\">News, links and articles<\/span>\n\t\t\t\t\t<\/span>\n\t\t\t\t\t<\/a>\n\t\t\t\t<\/div>\n\t\t\t\t\t\t\t\t<\/div>\n\t\t\t\t<\/div>\n\t\t\t\t<div class=\"elementor-element elementor-element-1606e93 elementor-align-justify elementor-widget__width-inherit elementor-widget-tablet__width-initial elementor-widget elementor-widget-button\" data-id=\"1606e93\" data-element_type=\"widget\" data-widget_type=\"button.default\">\n\t\t\t\t<div class=\"elementor-widget-container\">\n\t\t\t\t\t\t\t\t\t<div class=\"elementor-button-wrapper\">\n\t\t\t\t\t<a class=\"elementor-button elementor-size-sm\" role=\"button\">\n\t\t\t\t\t\t<span class=\"elementor-button-content-wrapper\">\n\t\t\t\t\t\t\t\t\t<span class=\"elementor-button-text\">Contact<\/span>\n\t\t\t\t\t<\/span>\n\t\t\t\t\t<\/a>\n\t\t\t\t<\/div>\n\t\t\t\t\t\t\t\t<\/div>\n\t\t\t\t<\/div>\n\t\t\t\t\t<\/div>\n\t\t\t\t<\/div>\n\t\t<div class=\"elementor-element elementor-element-48c0a7f9 elementor-hidden-mobile e-flex e-con-boxed e-con e-parent\" data-id=\"48c0a7f9\" data-element_type=\"container\">\n\t\t\t\t\t<div class=\"e-con-inner\">\n\t\t<div class=\"elementor-element elementor-element-b0b497d e-con-full e-flex e-con e-child\" data-id=\"b0b497d\" data-element_type=\"container\">\n\t\t<div class=\"elementor-element elementor-element-783ed054 e-flex e-con-boxed e-con e-child\" data-id=\"783ed054\" data-element_type=\"container\" data-settings=\"{&quot;background_background&quot;:&quot;classic&quot;}\">\n\t\t\t\t\t<div class=\"e-con-inner\">\n\t\t\t\t<div class=\"elementor-element elementor-element-02d3c7c elementor-widget elementor-widget-heading\" data-id=\"02d3c7c\" data-element_type=\"widget\" data-widget_type=\"heading.default\">\n\t\t\t\t<div class=\"elementor-widget-container\">\n\t\t\t\t\t<h2 class=\"elementor-heading-title elementor-size-default\">Press<\/h2>\t\t\t\t<\/div>\n\t\t\t\t<\/div>\n\t\t\t\t<div class=\"elementor-element elementor-element-34a7967e elementor-widget__width-initial elementor-widget elementor-widget-heading\" data-id=\"34a7967e\" data-element_type=\"widget\" data-widget_type=\"heading.default\">\n\t\t\t\t<div class=\"elementor-widget-container\">\n\t\t\t\t\t<h2 class=\"elementor-heading-title elementor-size-default\">Contact<\/h2>\t\t\t\t<\/div>\n\t\t\t\t<\/div>\n\t\t\t\t\t<\/div>\n\t\t\t\t<\/div>\n\t\t<div class=\"elementor-element elementor-element-2dafac37 e-flex e-con-boxed e-con e-child\" data-id=\"2dafac37\" data-element_type=\"container\" data-settings=\"{&quot;background_background&quot;:&quot;classic&quot;}\">\n\t\t\t\t\t<div class=\"e-con-inner\">\n\t\t\t\t\t<\/div>\n\t\t\t\t<\/div>\n\t\t\t\t<\/div>\n\t\t<div class=\"elementor-element elementor-element-616acca e-con-full e-flex e-con e-child\" data-id=\"616acca\" data-element_type=\"container\">\n\t\t\t\t<div class=\"elementor-element elementor-element-61b2b486 elementor-widget elementor-widget-image\" data-id=\"61b2b486\" data-element_type=\"widget\" data-widget_type=\"image.default\">\n\t\t\t\t<div class=\"elementor-widget-container\">\n\t\t\t\t\t\t\t\t\t\t\t\t\t\t\t<img fetchpriority=\"high\" decoding=\"async\" width=\"1200\" height=\"800\" src=\"https:\/\/rdsaude.com.br\/wp-content\/uploads\/2024\/03\/64a9cb0f-contato.png\" class=\"attachment-full size-full wp-image-20338\" alt=\"\" srcset=\"https:\/\/rdsaude.com.br\/wp-content\/uploads\/2024\/03\/64a9cb0f-contato.png 1200w, https:\/\/rdsaude.com.br\/wp-content\/uploads\/2024\/03\/64a9cb0f-contato-300x200.png 300w, https:\/\/rdsaude.com.br\/wp-content\/uploads\/2024\/03\/64a9cb0f-contato-1024x683.png 1024w, https:\/\/rdsaude.com.br\/wp-content\/uploads\/2024\/03\/64a9cb0f-contato-768x512.png 768w\" sizes=\"(max-width: 1200px) 100vw, 1200px\" \/>\t\t\t\t\t\t\t\t\t\t\t\t\t\t\t<\/div>\n\t\t\t\t<\/div>\n\t\t\t\t<\/div>\n\t\t\t\t\t<\/div>\n\t\t\t\t<\/div>\n\t\t<div class=\"elementor-element elementor-element-7c47af79 e-flex e-con-boxed e-con e-parent\" data-id=\"7c47af79\" data-element_type=\"container\">\n\t\t\t\t\t<div class=\"e-con-inner\">\n\t\t<div class=\"elementor-element elementor-element-65f47714 e-con-full e-flex e-con e-child\" data-id=\"65f47714\" data-element_type=\"container\">\n\t\t<div class=\"elementor-element elementor-element-870a5b8 elementor-hidden-mobile e-flex e-con-boxed e-con e-child\" data-id=\"870a5b8\" data-element_type=\"container\" data-settings=\"{&quot;motion_fx_motion_fx_scrolling&quot;:&quot;yes&quot;,&quot;sticky&quot;:&quot;top&quot;,&quot;sticky_offset&quot;:180,&quot;sticky_parent&quot;:&quot;yes&quot;,&quot;motion_fx_devices&quot;:[&quot;desktop&quot;,&quot;tablet&quot;,&quot;mobile&quot;],&quot;sticky_on&quot;:[&quot;desktop&quot;,&quot;tablet&quot;,&quot;mobile&quot;],&quot;sticky_effects_offset&quot;:0,&quot;sticky_anchor_link_offset&quot;:0}\">\n\t\t\t\t\t<div class=\"e-con-inner\">\n\t\t\t\t<div class=\"elementor-element elementor-element-bb8c813 elementor-align-justify elementor-widget__width-inherit elementor-widget-tablet__width-initial elementor-widget elementor-widget-button\" data-id=\"bb8c813\" data-element_type=\"widget\" data-widget_type=\"button.default\">\n\t\t\t\t<div class=\"elementor-widget-container\">\n\t\t\t\t\t\t\t\t\t<div class=\"elementor-button-wrapper\">\n\t\t\t\t\t<a class=\"elementor-button elementor-button-link elementor-size-sm\" href=\"https:\/\/rdsaude.com.br\/en\/press\/release\/\" sustentabilidade=\"\">\n\t\t\t\t\t\t<span class=\"elementor-button-content-wrapper\">\n\t\t\t\t\t\t\t\t\t<span class=\"elementor-button-text\">Releases<\/span>\n\t\t\t\t\t<\/span>\n\t\t\t\t\t<\/a>\n\t\t\t\t<\/div>\n\t\t\t\t\t\t\t\t<\/div>\n\t\t\t\t<\/div>\n\t\t\t\t<div class=\"elementor-element elementor-element-10e9880 elementor-align-justify elementor-widget__width-inherit elementor-widget-tablet__width-initial elementor-widget elementor-widget-button\" data-id=\"10e9880\" data-element_type=\"widget\" data-widget_type=\"button.default\">\n\t\t\t\t<div class=\"elementor-widget-container\">\n\t\t\t\t\t\t\t\t\t<div class=\"elementor-button-wrapper\">\n\t\t\t\t\t<a class=\"elementor-button elementor-button-link elementor-size-sm\" href=\"https:\/\/rdsaude.com.br\/en\/about-rd\/news-links-and-articles\/\" sustentabilidade=\"\">\n\t\t\t\t\t\t<span class=\"elementor-button-content-wrapper\">\n\t\t\t\t\t\t\t\t\t<span class=\"elementor-button-text\">News, links and articles<\/span>\n\t\t\t\t\t<\/span>\n\t\t\t\t\t<\/a>\n\t\t\t\t<\/div>\n\t\t\t\t\t\t\t\t<\/div>\n\t\t\t\t<\/div>\n\t\t\t\t<div class=\"elementor-element elementor-element-0945850 elementor-align-justify elementor-widget__width-inherit elementor-widget-tablet__width-initial elementor-widget elementor-widget-button\" data-id=\"0945850\" data-element_type=\"widget\" data-widget_type=\"button.default\">\n\t\t\t\t<div class=\"elementor-widget-container\">\n\t\t\t\t\t\t\t\t\t<div class=\"elementor-button-wrapper\">\n\t\t\t\t\t<a class=\"elementor-button elementor-size-sm\" role=\"button\">\n\t\t\t\t\t\t<span class=\"elementor-button-content-wrapper\">\n\t\t\t\t\t\t\t\t\t<span class=\"elementor-button-text\">Contact<\/span>\n\t\t\t\t\t<\/span>\n\t\t\t\t\t<\/a>\n\t\t\t\t<\/div>\n\t\t\t\t\t\t\t\t<\/div>\n\t\t\t\t<\/div>\n\t\t\t\t\t<\/div>\n\t\t\t\t<\/div>\n\t\t\t\t<\/div>\n\t\t<div class=\"elementor-element elementor-element-4a998817 e-con-full e-flex e-con e-child\" data-id=\"4a998817\" data-element_type=\"container\">\n\t\t\t\t<div class=\"elementor-element elementor-element-593cc96 elementor-widget elementor-widget-text-editor\" data-id=\"593cc96\" data-element_type=\"widget\" data-widget_type=\"text-editor.default\">\n\t\t\t\t<div class=\"elementor-widget-container\">\n\t\t\t\t\t\t\t\t\t<p>If you are a journalist and would like to request interviews, propose story ideas, ask for information, or clarify doubts, please contact RD Sa\u00fade&#8217;s press office:<\/p>\t\t\t\t\t\t\t\t<\/div>\n\t\t\t\t<\/div>\n\t\t<div class=\"elementor-element elementor-element-5a76ee9 e-con-full e-flex e-con e-child\" data-id=\"5a76ee9\" data-element_type=\"container\">\n\t\t<div class=\"elementor-element elementor-element-3a41da09 e-con-full e-flex e-con e-child\" data-id=\"3a41da09\" data-element_type=\"container\" data-settings=\"{&quot;background_background&quot;:&quot;classic&quot;}\">\n\t\t\t\t<\/div>\n\t\t<div class=\"elementor-element elementor-element-684fb5b e-con-full e-flex e-con e-child\" data-id=\"684fb5b\" data-element_type=\"container\">\n\t\t<div class=\"elementor-element elementor-element-4efdbea5 e-flex e-con-boxed e-con e-child\" data-id=\"4efdbea5\" data-element_type=\"container\" data-settings=\"{&quot;background_background&quot;:&quot;classic&quot;}\">\n\t\t\t\t\t<div class=\"e-con-inner\">\n\t\t\t\t<div class=\"elementor-element elementor-element-3db6e5b4 elementor-widget__width-initial elementor-widget elementor-widget-heading\" data-id=\"3db6e5b4\" data-element_type=\"widget\" data-widget_type=\"heading.default\">\n\t\t\t\t<div class=\"elementor-widget-container\">\n\t\t\t\t\t<h2 class=\"elementor-heading-title elementor-size-default\">Ovo Comunica\u00e7\u00e3o\n<\/h2>\t\t\t\t<\/div>\n\t\t\t\t<\/div>\n\t\t\t\t<div class=\"elementor-element elementor-element-4e1765e elementor-widget elementor-widget-text-editor\" data-id=\"4e1765e\" data-element_type=\"widget\" data-widget_type=\"text-editor.default\">\n\t\t\t\t<div class=\"elementor-widget-container\">\n\t\t\t\t\t\t\t\t\t<a style=\"color:#FFF\"href=\"mailto:rd@ovocom.com.br\">rd@ovocom.com.br<\/a>\t\t\t\t\t\t\t\t<\/div>\n\t\t\t\t<\/div>\n\t\t\t\t\t<\/div>\n\t\t\t\t<\/div>\n\t\t<div class=\"elementor-element elementor-element-8ce1543 e-con-full e-flex e-con e-child\" data-id=\"8ce1543\" data-element_type=\"container\">\n\t\t<div class=\"elementor-element elementor-element-b56ced1 e-flex e-con-boxed e-con e-child\" data-id=\"b56ced1\" data-element_type=\"container\" data-settings=\"{&quot;background_background&quot;:&quot;classic&quot;}\">\n\t\t\t\t\t<div class=\"e-con-inner\">\n\t\t\t\t<div class=\"elementor-element elementor-element-e368bec elementor-widget elementor-widget-text-editor\" data-id=\"e368bec\" data-element_type=\"widget\" data-widget_type=\"text-editor.default\">\n\t\t\t\t<div class=\"elementor-widget-container\">\n\t\t\t\t\t\t\t\t\t<p>Exclusive Press Whatsapp\u2028(11) 93245-1224<\/p>\t\t\t\t\t\t\t\t<\/div>\n\t\t\t\t<\/div>\n\t\t\t\t\t<\/div>\n\t\t\t\t<\/div>\n\t\t\t\t<\/div>\n\t\t\t\t<\/div>\n\t\t\t\t<\/div>\n\t\t\t\t<\/div>\n\t\t\t\t\t<\/div>\n\t\t\t\t<\/div>\n\t\t<div class=\"elementor-element elementor-element-52a65aa9 e-flex e-con-boxed e-con e-parent\" data-id=\"52a65aa9\" data-element_type=\"container\">\n\t\t\t\t\t<div class=\"e-con-inner\">\n\t\t\t\t<div class=\"elementor-element elementor-element-11fa904 elementor-widget elementor-widget-spacer\" data-id=\"11fa904\" data-element_type=\"widget\" data-widget_type=\"spacer.default\">\n\t\t\t\t<div class=\"elementor-widget-container\">\n\t\t\t\t\t\t\t<div class=\"elementor-spacer\">\n\t\t\t<div class=\"elementor-spacer-inner\"><\/div>\n\t\t<\/div>\n\t\t\t\t\t\t<\/div>\n\t\t\t\t<\/div>\n\t\t\t\t\t<\/div>\n\t\t\t\t<\/div>\n\t\t\t\t<\/div>\n\t\t","protected":false},"excerpt":{"rendered":"<p>Press Contact Releases News, links and articles Contact Press Contact Releases News, links and articles Contact If you are a journalist and would like to request interviews, propose story ideas, ask for information, or clarify doubts, please contact RD Sa\u00fade&#8217;s press office: Ovo Comunica\u00e7\u00e3o rd@ovocom.com.br Exclusive Press Whatsapp\u2028(11) 93245-1224<\/p>\n","protected":false},"author":39,"featured_media":0,"parent":7273,"menu_order":0,"comment_status":"closed","ping_status":"closed","template":"","meta":{"footnotes":""},"class_list":["post-7272","page","type-page","status-publish","hentry"],"yoast_head":"<!-- This site is optimized with the Yoast SEO Premium plugin v25.0 (Yoast SEO v25.0) - https:\/\/yoast.com\/wordpress\/plugins\/seo\/ -->\n<title>Contact - RD - People, Health and Welfare<\/title>\n<meta name=\"robots\" content=\"index, follow, max-snippet:-1, max-image-preview:large, max-video-preview:-1\" \/>\n<link rel=\"canonical\" href=\"https:\/\/rdsaude.com.br\/en\/press\/contact\/\" \/>\n<meta property=\"og:locale\" content=\"en_US\" \/>\n<meta property=\"og:type\" content=\"article\" \/>\n<meta property=\"og:title\" content=\"Contact\" \/>\n<meta property=\"og:description\" content=\"Press Contact Releases News, links and articles Contact Press Contact Releases News, links and articles Contact If you are a journalist and would like to request interviews, propose story ideas, ask for information, or clarify doubts, please contact RD Sa\u00fade&#8217;s press office: Ovo Comunica\u00e7\u00e3o rd@ovocom.com.br Exclusive Press Whatsapp\u2028(11) 93245-1224\" \/>\n<meta property=\"og:url\" content=\"https:\/\/rdsaude.com.br\/en\/press\/contact\/\" \/>\n<meta property=\"og:site_name\" content=\"RD - People, Health and Welfare\" \/>\n<meta property=\"article:publisher\" content=\"https:\/\/www.facebook.com\/RDSaudeOficial\/\" \/>\n<meta property=\"article:modified_time\" content=\"2024-12-16T20:43:50+00:00\" \/>\n<meta property=\"og:image\" content=\"https:\/\/cdn.rd.com.br\/prod-v2\/2024\/03\/64a9cb0f-contato.png\" \/>\n<meta name=\"twitter:card\" content=\"summary_large_image\" \/>\n<meta name=\"twitter:label1\" content=\"Est. reading time\" \/>\n\t<meta name=\"twitter:data1\" content=\"1 minute\" \/>\n<script type=\"application\/ld+json\" class=\"yoast-schema-graph\">{\"@context\":\"https:\/\/schema.org\",\"@graph\":[{\"@type\":\"WebPage\",\"@id\":\"https:\/\/rdsaude.com.br\/en\/press\/contact\/\",\"url\":\"https:\/\/rdsaude.com.br\/en\/press\/contact\/\",\"name\":\"Contact - RD - People, Health and Welfare\",\"isPartOf\":{\"@id\":\"https:\/\/rdsaude.com.br\/en\/#website\"},\"primaryImageOfPage\":{\"@id\":\"https:\/\/rdsaude.com.br\/en\/press\/contact\/#primaryimage\"},\"image\":{\"@id\":\"https:\/\/rdsaude.com.br\/en\/press\/contact\/#primaryimage\"},\"thumbnailUrl\":\"https:\/\/rdsaude.com.br\/wp-content\/uploads\/2024\/03\/64a9cb0f-contato.png\",\"datePublished\":\"2020-06-01T14:04:22+00:00\",\"dateModified\":\"2024-12-16T20:43:50+00:00\",\"breadcrumb\":{\"@id\":\"https:\/\/rdsaude.com.br\/en\/press\/contact\/#breadcrumb\"},\"inLanguage\":\"en-US\",\"potentialAction\":[{\"@type\":\"ReadAction\",\"target\":[\"https:\/\/rdsaude.com.br\/en\/press\/contact\/\"]}]},{\"@type\":\"ImageObject\",\"inLanguage\":\"en-US\",\"@id\":\"https:\/\/rdsaude.com.br\/en\/press\/contact\/#primaryimage\",\"url\":\"https:\/\/rdsaude.com.br\/wp-content\/uploads\/2024\/03\/64a9cb0f-contato.png\",\"contentUrl\":\"https:\/\/rdsaude.com.br\/wp-content\/uploads\/2024\/03\/64a9cb0f-contato.png\"},{\"@type\":\"BreadcrumbList\",\"@id\":\"https:\/\/rdsaude.com.br\/en\/press\/contact\/#breadcrumb\",\"itemListElement\":[{\"@type\":\"ListItem\",\"position\":1,\"name\":\"In\u00edcio\",\"item\":\"https:\/\/rdsaude.com.br\/en\/\"},{\"@type\":\"ListItem\",\"position\":2,\"name\":\"Press\",\"item\":\"https:\/\/rdsaude.com.br\/en\/?page_id=18\"},{\"@type\":\"ListItem\",\"position\":3,\"name\":\"Contact\"}]},{\"@type\":\"WebSite\",\"@id\":\"https:\/\/rdsaude.com.br\/en\/#website\",\"url\":\"https:\/\/rdsaude.com.br\/en\/\",\"name\":\"RD Sa\u00fade\",\"description\":\"\",\"publisher\":{\"@id\":\"https:\/\/rdsaude.com.br\/en\/#organization\"},\"potentialAction\":[{\"@type\":\"SearchAction\",\"target\":{\"@type\":\"EntryPoint\",\"urlTemplate\":\"https:\/\/rdsaude.com.br\/en\/?s={search_term_string}\"},\"query-input\":{\"@type\":\"PropertyValueSpecification\",\"valueRequired\":true,\"valueName\":\"search_term_string\"}}],\"inLanguage\":\"en-US\"},{\"@type\":\"Organization\",\"@id\":\"https:\/\/rdsaude.com.br\/en\/#organization\",\"name\":\"RD Sa\u00fade\",\"url\":\"https:\/\/rdsaude.com.br\/en\/\",\"logo\":{\"@type\":\"ImageObject\",\"inLanguage\":\"en-US\",\"@id\":\"https:\/\/rdsaude.com.br\/en\/#\/schema\/logo\/image\/\",\"url\":\"https:\/\/rdsaude.com.br\/wp-content\/uploads\/2024\/03\/b61a97dc-logo-rdsaude.svg\",\"contentUrl\":\"https:\/\/rdsaude.com.br\/wp-content\/uploads\/2024\/03\/b61a97dc-logo-rdsaude.svg\",\"caption\":\"RD Sa\u00fade\"},\"image\":{\"@id\":\"https:\/\/rdsaude.com.br\/en\/#\/schema\/logo\/image\/\"},\"sameAs\":[\"https:\/\/www.facebook.com\/RDSaudeOficial\/\"]}]}<\/script>\n<!-- \/ Yoast SEO Premium plugin. -->","yoast_head_json":{"title":"Contact - RD - People, Health and Welfare","robots":{"index":"index","follow":"follow","max-snippet":"max-snippet:-1","max-image-preview":"max-image-preview:large","max-video-preview":"max-video-preview:-1"},"canonical":"https:\/\/rdsaude.com.br\/en\/press\/contact\/","og_locale":"en_US","og_type":"article","og_title":"Contact","og_description":"Press Contact Releases News, links and articles Contact Press Contact Releases News, links and articles Contact If you are a journalist and would like to request interviews, propose story ideas, ask for information, or clarify doubts, please contact RD Sa\u00fade&#8217;s press office: Ovo Comunica\u00e7\u00e3o rd@ovocom.com.br Exclusive Press Whatsapp\u2028(11) 93245-1224","og_url":"https:\/\/rdsaude.com.br\/en\/press\/contact\/","og_site_name":"RD - People, Health and Welfare","article_publisher":"https:\/\/www.facebook.com\/RDSaudeOficial\/","article_modified_time":"2024-12-16T20:43:50+00:00","og_image":[{"url":"https:\/\/cdn.rd.com.br\/prod-v2\/2024\/03\/64a9cb0f-contato.png","type":"","width":"","height":""}],"twitter_card":"summary_large_image","twitter_misc":{"Est. reading time":"1 minute"},"schema":{"@context":"https:\/\/schema.org","@graph":[{"@type":"WebPage","@id":"https:\/\/rdsaude.com.br\/en\/press\/contact\/","url":"https:\/\/rdsaude.com.br\/en\/press\/contact\/","name":"Contact - RD - People, Health and Welfare","isPartOf":{"@id":"https:\/\/rdsaude.com.br\/en\/#website"},"primaryImageOfPage":{"@id":"https:\/\/rdsaude.com.br\/en\/press\/contact\/#primaryimage"},"image":{"@id":"https:\/\/rdsaude.com.br\/en\/press\/contact\/#primaryimage"},"thumbnailUrl":"https:\/\/rdsaude.com.br\/wp-content\/uploads\/2024\/03\/64a9cb0f-contato.png","datePublished":"2020-06-01T14:04:22+00:00","dateModified":"2024-12-16T20:43:50+00:00","breadcrumb":{"@id":"https:\/\/rdsaude.com.br\/en\/press\/contact\/#breadcrumb"},"inLanguage":"en-US","potentialAction":[{"@type":"ReadAction","target":["https:\/\/rdsaude.com.br\/en\/press\/contact\/"]}]},{"@type":"ImageObject","inLanguage":"en-US","@id":"https:\/\/rdsaude.com.br\/en\/press\/contact\/#primaryimage","url":"https:\/\/rdsaude.com.br\/wp-content\/uploads\/2024\/03\/64a9cb0f-contato.png","contentUrl":"https:\/\/rdsaude.com.br\/wp-content\/uploads\/2024\/03\/64a9cb0f-contato.png"},{"@type":"BreadcrumbList","@id":"https:\/\/rdsaude.com.br\/en\/press\/contact\/#breadcrumb","itemListElement":[{"@type":"ListItem","position":1,"name":"In\u00edcio","item":"https:\/\/rdsaude.com.br\/en\/"},{"@type":"ListItem","position":2,"name":"Press","item":"https:\/\/rdsaude.com.br\/en\/?page_id=18"},{"@type":"ListItem","position":3,"name":"Contact"}]},{"@type":"WebSite","@id":"https:\/\/rdsaude.com.br\/en\/#website","url":"https:\/\/rdsaude.com.br\/en\/","name":"RD Sa\u00fade","description":"","publisher":{"@id":"https:\/\/rdsaude.com.br\/en\/#organization"},"potentialAction":[{"@type":"SearchAction","target":{"@type":"EntryPoint","urlTemplate":"https:\/\/rdsaude.com.br\/en\/?s={search_term_string}"},"query-input":{"@type":"PropertyValueSpecification","valueRequired":true,"valueName":"search_term_string"}}],"inLanguage":"en-US"},{"@type":"Organization","@id":"https:\/\/rdsaude.com.br\/en\/#organization","name":"RD Sa\u00fade","url":"https:\/\/rdsaude.com.br\/en\/","logo":{"@type":"ImageObject","inLanguage":"en-US","@id":"https:\/\/rdsaude.com.br\/en\/#\/schema\/logo\/image\/","url":"https:\/\/rdsaude.com.br\/wp-content\/uploads\/2024\/03\/b61a97dc-logo-rdsaude.svg","contentUrl":"https:\/\/rdsaude.com.br\/wp-content\/uploads\/2024\/03\/b61a97dc-logo-rdsaude.svg","caption":"RD Sa\u00fade"},"image":{"@id":"https:\/\/rdsaude.com.br\/en\/#\/schema\/logo\/image\/"},"sameAs":["https:\/\/www.facebook.com\/RDSaudeOficial\/"]}]}},"_links":{"self":[{"href":"https:\/\/rdsaude.com.br\/en\/wp-json\/wp\/v2\/pages\/7272","targetHints":{"allow":["GET"]}}],"collection":[{"href":"https:\/\/rdsaude.com.br\/en\/wp-json\/wp\/v2\/pages"}],"about":[{"href":"https:\/\/rdsaude.com.br\/en\/wp-json\/wp\/v2\/types\/page"}],"author":[{"embeddable":true,"href":"https:\/\/rdsaude.com.br\/en\/wp-json\/wp\/v2\/users\/39"}],"replies":[{"embeddable":true,"href":"https:\/\/rdsaude.com.br\/en\/wp-json\/wp\/v2\/comments?post=7272"}],"version-history":[{"count":6,"href":"https:\/\/rdsaude.com.br\/en\/wp-json\/wp\/v2\/pages\/7272\/revisions"}],"predecessor-version":[{"id":25878,"href":"https:\/\/rdsaude.com.br\/en\/wp-json\/wp\/v2\/pages\/7272\/revisions\/25878"}],"up":[{"embeddable":true,"href":"https:\/\/rdsaude.com.br\/en\/wp-json\/wp\/v2\/pages\/7273"}],"wp:attachment":[{"href":"https:\/\/rdsaude.com.br\/en\/wp-json\/wp\/v2\/media?parent=7272"}],"curies":[{"name":"wp","href":"https:\/\/api.w.org\/{rel}","templated":true}]}}